{"id":1506,"date":"2023-01-23T20:41:30","date_gmt":"2023-01-24T01:41:30","guid":{"rendered":"https:\/\/gdpro.qc.ca\/privacy-policy\/"},"modified":"2024-04-16T16:01:30","modified_gmt":"2024-04-16T20:01:30","slug":"privacy-policy","status":"publish","type":"page","link":"https:\/\/gdpro.qc.ca\/en\/privacy-policy\/","title":{"rendered":"Privacy policy"},"content":{"rendered":"\n\n\t<h1>Privacy policy<\/h1>\n<h2>Contact information for the Privacy Officer<\/h2>\n<p>If you have any questions or concerns about the processing or updating of your personal information, please contact us, by e-mail at info@gdpro.qc.ca.<\/p>\n<p>The Privacy Officer will contact you within 30 days of receiving your e-mail.<\/p>\n<h2>Sharing your personal information<\/h2>\n<p>In order to provide you with the products and services you have requested, we may transmit your personal information to trusted third parties, in particular Google Analytics.<\/p>\n<h2>Links to other websites<\/h2>\n<p>From time to time, our Web site may provide hyperlinks to other sites. Information exchanged on these sites is not subject to this Privacy Policy, but to those of the external sites concerned, if any. In such cases, we invite you to consult them before disclosing your personal information.<\/p>\n<h2>Retention periods<\/h2>\n<p>Your personal information will be kept only for the time necessary to fulfil the purposes for which it was collected, unless a longer retention period is required or permitted by law.<\/p>\n<h2>Access to your personal information<\/h2>\n<p>Once you have been properly identified, you may request access to the personal information we hold about you, as permitted or required by law. In some cases, a written request from you may be required.<\/p>\n<h2>Accuracy and modification of your personal information<\/h2>\n<p>If there are any changes to be made to your personal information, it is preferable to contact us promptly by telephone or e-mail in order to keep your file and our databases up to date.<\/p>\n<p>Date of last update: April 16, 2024<\/p>\n\n","protected":false},"excerpt":{"rendered":"<p>Privacy policy Contact information for the Privacy Officer If you have any questions or concerns about the processing or updating of your personal information, please contact us, by e-mail at info@gdpro.qc.ca. The Privacy Officer will contact you within 30 days of receiving your e-mail. Sharing your personal information In order to provide you with the&hellip;<\/p>\n","protected":false},"author":1,"featured_media":0,"parent":0,"menu_order":1000,"comment_status":"closed","ping_status":"closed","template":"","meta":{"footnotes":""},"class_list":["post-1506","page","type-page","status-publish","hentry"],"yoast_head":"<!-- This site is optimized with the Yoast SEO plugin v27.3 - https:\/\/yoast.com\/product\/yoast-seo-wordpress\/ -->\n<title>Privacy policy - \u00c9b\u00e9nisterie G.D. Pro inc.<\/title>\n<meta name=\"robots\" content=\"index, follow, max-snippet:-1, max-image-preview:large, max-video-preview:-1\" \/>\n<link rel=\"canonical\" href=\"https:\/\/gdpro.qc.ca\/en\/privacy-policy\/\" \/>\n<meta property=\"og:locale\" content=\"en_US\" \/>\n<meta property=\"og:type\" content=\"article\" \/>\n<meta property=\"og:title\" content=\"Privacy policy - \u00c9b\u00e9nisterie G.D. Pro inc.\" \/>\n<meta property=\"og:description\" content=\"Privacy policy Contact information for the Privacy Officer If you have any questions or concerns about the processing or updating of your personal information, please contact us, by e-mail at info@gdpro.qc.ca. The Privacy Officer will contact you within 30 days of receiving your e-mail. Sharing your personal information In order to provide you with the&hellip;\" \/>\n<meta property=\"og:url\" content=\"https:\/\/gdpro.qc.ca\/en\/privacy-policy\/\" \/>\n<meta property=\"og:site_name\" content=\"\u00c9b\u00e9nisterie G.D. Pro inc.\" \/>\n<meta property=\"article:publisher\" content=\"https:\/\/www.facebook.com\/GDPROINC\" \/>\n<meta property=\"article:modified_time\" content=\"2024-04-16T20:01:30+00:00\" \/>\n<meta property=\"og:image\" content=\"https:\/\/gdpro.qc.ca\/wp-content\/uploads\/2023\/04\/Facebook-GDPro-2.jpg\" \/>\n\t<meta property=\"og:image:width\" content=\"1200\" \/>\n\t<meta property=\"og:image:height\" content=\"675\" \/>\n\t<meta property=\"og:image:type\" content=\"image\/jpeg\" \/>\n<meta name=\"twitter:card\" content=\"summary_large_image\" \/>\n<meta name=\"twitter:label1\" content=\"Est. reading time\" \/>\n\t<meta name=\"twitter:data1\" content=\"1 minute\" \/>\n<script type=\"application\/ld+json\" class=\"yoast-schema-graph\">{\"@context\":\"https:\\\/\\\/schema.org\",\"@graph\":[{\"@type\":\"WebPage\",\"@id\":\"https:\\\/\\\/gdpro.qc.ca\\\/en\\\/privacy-policy\\\/\",\"url\":\"https:\\\/\\\/gdpro.qc.ca\\\/en\\\/privacy-policy\\\/\",\"name\":\"Privacy policy - \u00c9b\u00e9nisterie G.D. Pro inc.\",\"isPartOf\":{\"@id\":\"https:\\\/\\\/gdpro.qc.ca\\\/en\\\/#website\"},\"datePublished\":\"2023-01-24T01:41:30+00:00\",\"dateModified\":\"2024-04-16T20:01:30+00:00\",\"breadcrumb\":{\"@id\":\"https:\\\/\\\/gdpro.qc.ca\\\/en\\\/privacy-policy\\\/#breadcrumb\"},\"inLanguage\":\"en-US\",\"potentialAction\":[{\"@type\":\"ReadAction\",\"target\":[\"https:\\\/\\\/gdpro.qc.ca\\\/en\\\/privacy-policy\\\/\"]}]},{\"@type\":\"BreadcrumbList\",\"@id\":\"https:\\\/\\\/gdpro.qc.ca\\\/en\\\/privacy-policy\\\/#breadcrumb\",\"itemListElement\":[{\"@type\":\"ListItem\",\"position\":1,\"name\":\"Accueil\",\"item\":\"https:\\\/\\\/gdpro.qc.ca\\\/en\\\/\"},{\"@type\":\"ListItem\",\"position\":2,\"name\":\"Privacy policy\"}]},{\"@type\":\"WebSite\",\"@id\":\"https:\\\/\\\/gdpro.qc.ca\\\/en\\\/#website\",\"url\":\"https:\\\/\\\/gdpro.qc.ca\\\/en\\\/\",\"name\":\"\u00c9b\u00e9nisterie G.D. Pro inc.\",\"description\":\"\u00c9b\u00e9nistes de passion avant tout\",\"publisher\":{\"@id\":\"https:\\\/\\\/gdpro.qc.ca\\\/en\\\/#organization\"},\"alternateName\":\"G.D. Pro\",\"potentialAction\":[{\"@type\":\"SearchAction\",\"target\":{\"@type\":\"EntryPoint\",\"urlTemplate\":\"https:\\\/\\\/gdpro.qc.ca\\\/en\\\/?s={search_term_string}\"},\"query-input\":{\"@type\":\"PropertyValueSpecification\",\"valueRequired\":true,\"valueName\":\"search_term_string\"}}],\"inLanguage\":\"en-US\"},{\"@type\":\"Organization\",\"@id\":\"https:\\\/\\\/gdpro.qc.ca\\\/en\\\/#organization\",\"name\":\"\u00c9b\u00e9nisterie G.D. Pro inc.\",\"url\":\"https:\\\/\\\/gdpro.qc.ca\\\/en\\\/\",\"logo\":{\"@type\":\"ImageObject\",\"inLanguage\":\"en-US\",\"@id\":\"https:\\\/\\\/gdpro.qc.ca\\\/en\\\/#\\\/schema\\\/logo\\\/image\\\/\",\"url\":\"https:\\\/\\\/gdpro.qc.ca\\\/wp-content\\\/uploads\\\/2023\\\/04\\\/image-de-site-gdpro.jpg\",\"contentUrl\":\"https:\\\/\\\/gdpro.qc.ca\\\/wp-content\\\/uploads\\\/2023\\\/04\\\/image-de-site-gdpro.jpg\",\"width\":512,\"height\":512,\"caption\":\"\u00c9b\u00e9nisterie G.D. Pro inc.\"},\"image\":{\"@id\":\"https:\\\/\\\/gdpro.qc.ca\\\/en\\\/#\\\/schema\\\/logo\\\/image\\\/\"},\"sameAs\":[\"https:\\\/\\\/www.facebook.com\\\/GDPROINC\",\"https:\\\/\\\/www.linkedin.com\\\/company\\\/bnisterie-gd-pro-inc\\\/\",\"https:\\\/\\\/www.instagram.com\\\/gdproinc\\\/\"]}]}<\/script>\n<!-- \/ Yoast SEO plugin. -->","yoast_head_json":{"title":"Privacy policy - \u00c9b\u00e9nisterie G.D. Pro inc.","robots":{"index":"index","follow":"follow","max-snippet":"max-snippet:-1","max-image-preview":"max-image-preview:large","max-video-preview":"max-video-preview:-1"},"canonical":"https:\/\/gdpro.qc.ca\/en\/privacy-policy\/","og_locale":"en_US","og_type":"article","og_title":"Privacy policy - \u00c9b\u00e9nisterie G.D. Pro inc.","og_description":"Privacy policy Contact information for the Privacy Officer If you have any questions or concerns about the processing or updating of your personal information, please contact us, by e-mail at info@gdpro.qc.ca. The Privacy Officer will contact you within 30 days of receiving your e-mail. Sharing your personal information In order to provide you with the&hellip;","og_url":"https:\/\/gdpro.qc.ca\/en\/privacy-policy\/","og_site_name":"\u00c9b\u00e9nisterie G.D. Pro inc.","article_publisher":"https:\/\/www.facebook.com\/GDPROINC","article_modified_time":"2024-04-16T20:01:30+00:00","og_image":[{"width":1200,"height":675,"url":"https:\/\/gdpro.qc.ca\/wp-content\/uploads\/2023\/04\/Facebook-GDPro-2.jpg","type":"image\/jpeg"}],"twitter_card":"summary_large_image","twitter_misc":{"Est. reading time":"1 minute"},"schema":{"@context":"https:\/\/schema.org","@graph":[{"@type":"WebPage","@id":"https:\/\/gdpro.qc.ca\/en\/privacy-policy\/","url":"https:\/\/gdpro.qc.ca\/en\/privacy-policy\/","name":"Privacy policy - \u00c9b\u00e9nisterie G.D. Pro inc.","isPartOf":{"@id":"https:\/\/gdpro.qc.ca\/en\/#website"},"datePublished":"2023-01-24T01:41:30+00:00","dateModified":"2024-04-16T20:01:30+00:00","breadcrumb":{"@id":"https:\/\/gdpro.qc.ca\/en\/privacy-policy\/#breadcrumb"},"inLanguage":"en-US","potentialAction":[{"@type":"ReadAction","target":["https:\/\/gdpro.qc.ca\/en\/privacy-policy\/"]}]},{"@type":"BreadcrumbList","@id":"https:\/\/gdpro.qc.ca\/en\/privacy-policy\/#breadcrumb","itemListElement":[{"@type":"ListItem","position":1,"name":"Accueil","item":"https:\/\/gdpro.qc.ca\/en\/"},{"@type":"ListItem","position":2,"name":"Privacy policy"}]},{"@type":"WebSite","@id":"https:\/\/gdpro.qc.ca\/en\/#website","url":"https:\/\/gdpro.qc.ca\/en\/","name":"\u00c9b\u00e9nisterie G.D. Pro inc.","description":"\u00c9b\u00e9nistes de passion avant tout","publisher":{"@id":"https:\/\/gdpro.qc.ca\/en\/#organization"},"alternateName":"G.D. Pro","potentialAction":[{"@type":"SearchAction","target":{"@type":"EntryPoint","urlTemplate":"https:\/\/gdpro.qc.ca\/en\/?s={search_term_string}"},"query-input":{"@type":"PropertyValueSpecification","valueRequired":true,"valueName":"search_term_string"}}],"inLanguage":"en-US"},{"@type":"Organization","@id":"https:\/\/gdpro.qc.ca\/en\/#organization","name":"\u00c9b\u00e9nisterie G.D. Pro inc.","url":"https:\/\/gdpro.qc.ca\/en\/","logo":{"@type":"ImageObject","inLanguage":"en-US","@id":"https:\/\/gdpro.qc.ca\/en\/#\/schema\/logo\/image\/","url":"https:\/\/gdpro.qc.ca\/wp-content\/uploads\/2023\/04\/image-de-site-gdpro.jpg","contentUrl":"https:\/\/gdpro.qc.ca\/wp-content\/uploads\/2023\/04\/image-de-site-gdpro.jpg","width":512,"height":512,"caption":"\u00c9b\u00e9nisterie G.D. Pro inc."},"image":{"@id":"https:\/\/gdpro.qc.ca\/en\/#\/schema\/logo\/image\/"},"sameAs":["https:\/\/www.facebook.com\/GDPROINC","https:\/\/www.linkedin.com\/company\/bnisterie-gd-pro-inc\/","https:\/\/www.instagram.com\/gdproinc\/"]}]}},"_links":{"self":[{"href":"https:\/\/gdpro.qc.ca\/en\/wp-json\/wp\/v2\/pages\/1506","targetHints":{"allow":["GET"]}}],"collection":[{"href":"https:\/\/gdpro.qc.ca\/en\/wp-json\/wp\/v2\/pages"}],"about":[{"href":"https:\/\/gdpro.qc.ca\/en\/wp-json\/wp\/v2\/types\/page"}],"author":[{"embeddable":true,"href":"https:\/\/gdpro.qc.ca\/en\/wp-json\/wp\/v2\/users\/1"}],"replies":[{"embeddable":true,"href":"https:\/\/gdpro.qc.ca\/en\/wp-json\/wp\/v2\/comments?post=1506"}],"version-history":[{"count":2,"href":"https:\/\/gdpro.qc.ca\/en\/wp-json\/wp\/v2\/pages\/1506\/revisions"}],"predecessor-version":[{"id":1510,"href":"https:\/\/gdpro.qc.ca\/en\/wp-json\/wp\/v2\/pages\/1506\/revisions\/1510"}],"wp:attachment":[{"href":"https:\/\/gdpro.qc.ca\/en\/wp-json\/wp\/v2\/media?parent=1506"}],"curies":[{"name":"wp","href":"https:\/\/api.w.org\/{rel}","templated":true}]}}