{"id":1436,"date":"2023-04-03T13:43:46","date_gmt":"2023-04-03T17:43:46","guid":{"rendered":"https:\/\/staging.gdpro.qc.ca\/contact-us\/"},"modified":"2023-04-25T11:55:29","modified_gmt":"2023-04-25T15:55:29","slug":"contact-us","status":"publish","type":"page","link":"https:\/\/gdpro.qc.ca\/en\/contact-us\/","title":{"rendered":"Contact us"},"content":{"rendered":"\n<h1>\n\t\tContact\n\t<\/h1>\n<h2>\n\t\tImmediate<br \/>assistance\n\t<\/h2>\n\t<p>If you need immediate assistance or more information about our customization and integration of specific systems to improve your business process and ensure exceptional efficiency, please contact us at our offices without delay.<\/p>\n\t<p>\u00c9b\u00e9nisterie G.D. Pro inc.<\/p>\n\t300, Dickson Street<br \/>\nMontreal (Quebec) H1N 2H5<br \/>\nCanada\n\t<strong><a href=\"mailto:info@gdpro.qc.ca\">info@gdpro.qc.ca<\/a><\/strong><br \/>\nTel. : 514 255-0775<br \/>\nFax : 514 255-1745\n<h2>\n\t\tLet us<br \/>contribute<br \/>to your success\n\t<\/h2>\n\t<p>Guy Labelle<\/p>\n\t<p>President<\/p>\n\t<p><a href=\"mailto:guy@gdpro.qc.ca\">guy@gdpro.qc.ca<\/a><\/p>\n\t<p>Chantal Lecours<\/p>\n\t<p>Estimating Clerk<\/p>\n\t<p><a href=\"mailto:chantal@gdpro.qc.ca\">chantal@gdpro.qc.ca<\/a><\/p>\n\t<iframe src=\"https:\/\/www.google.com\/maps\/embed\/v1\/place?q=%C3%89b%C3%A9nisterie+G.D.+Pro+inc.%0A300%2C+Dickson+Street%0AMontreal+%28Quebec%29+H1N+2H5%0ACanada&#038;key=AIzaSyD09zQ9PNDNNy9TadMuzRV_UsPUoWKntt8\" aria-hidden=\"true\" title=\"\u00c9b\u00e9nisterie G.D. Pro inc.\"><\/iframe>\n\n","protected":false},"excerpt":{"rendered":"<p>Contact Immediateassistance If you need immediate assistance or more information about our customization and integration of specific systems to improve your business process and ensure exceptional efficiency, please contact us at our offices without delay. \u00c9b\u00e9nisterie G.D. Pro inc. 300, Dickson Street Montreal (Quebec) H1N 2H5 Canada info@gdpro.qc.ca Tel. : 514 255-0775 Fax : 514&hellip;<\/p>\n","protected":false},"author":1,"featured_media":0,"parent":0,"menu_order":90,"comment_status":"closed","ping_status":"closed","template":"","meta":{"footnotes":""},"class_list":["post-1436","page","type-page","status-publish","hentry"],"yoast_head":"<!-- This site is optimized with the Yoast SEO plugin v27.4 - https:\/\/yoast.com\/product\/yoast-seo-wordpress\/ -->\n<title>Contact us - \u00c9b\u00e9nisterie G.D. Pro inc.<\/title>\n<meta name=\"robots\" content=\"index, follow, max-snippet:-1, max-image-preview:large, max-video-preview:-1\" \/>\n<link rel=\"canonical\" href=\"https:\/\/gdpro.qc.ca\/en\/contact-us\/\" \/>\n<meta property=\"og:locale\" content=\"en_US\" \/>\n<meta property=\"og:type\" content=\"article\" \/>\n<meta property=\"og:title\" content=\"Contact us - \u00c9b\u00e9nisterie G.D. Pro inc.\" \/>\n<meta property=\"og:description\" content=\"Contact Immediateassistance If you need immediate assistance or more information about our customization and integration of specific systems to improve your business process and ensure exceptional efficiency, please contact us at our offices without delay. \u00c9b\u00e9nisterie G.D. Pro inc. 300, Dickson Street Montreal (Quebec) H1N 2H5 Canada info@gdpro.qc.ca Tel. : 514 255-0775 Fax : 514&hellip;\" \/>\n<meta property=\"og:url\" content=\"https:\/\/gdpro.qc.ca\/en\/contact-us\/\" \/>\n<meta property=\"og:site_name\" content=\"\u00c9b\u00e9nisterie G.D. Pro inc.\" \/>\n<meta property=\"article:publisher\" content=\"https:\/\/www.facebook.com\/GDPROINC\" \/>\n<meta property=\"article:modified_time\" content=\"2023-04-25T15:55:29+00:00\" \/>\n<meta property=\"og:image\" content=\"https:\/\/gdpro.qc.ca\/wp-content\/uploads\/2023\/04\/Facebook-GDPro-2.jpg\" \/>\n\t<meta property=\"og:image:width\" content=\"1200\" \/>\n\t<meta property=\"og:image:height\" content=\"675\" \/>\n\t<meta property=\"og:image:type\" content=\"image\/jpeg\" \/>\n<meta name=\"twitter:card\" content=\"summary_large_image\" \/>\n<script type=\"application\/ld+json\" class=\"yoast-schema-graph\">{\"@context\":\"https:\\\/\\\/schema.org\",\"@graph\":[{\"@type\":\"WebPage\",\"@id\":\"https:\\\/\\\/gdpro.qc.ca\\\/en\\\/contact-us\\\/\",\"url\":\"https:\\\/\\\/gdpro.qc.ca\\\/en\\\/contact-us\\\/\",\"name\":\"Contact us - \u00c9b\u00e9nisterie G.D. Pro inc.\",\"isPartOf\":{\"@id\":\"https:\\\/\\\/gdpro.qc.ca\\\/en\\\/#website\"},\"datePublished\":\"2023-04-03T17:43:46+00:00\",\"dateModified\":\"2023-04-25T15:55:29+00:00\",\"breadcrumb\":{\"@id\":\"https:\\\/\\\/gdpro.qc.ca\\\/en\\\/contact-us\\\/#breadcrumb\"},\"inLanguage\":\"en-US\",\"potentialAction\":[{\"@type\":\"ReadAction\",\"target\":[\"https:\\\/\\\/gdpro.qc.ca\\\/en\\\/contact-us\\\/\"]}]},{\"@type\":\"BreadcrumbList\",\"@id\":\"https:\\\/\\\/gdpro.qc.ca\\\/en\\\/contact-us\\\/#breadcrumb\",\"itemListElement\":[{\"@type\":\"ListItem\",\"position\":1,\"name\":\"Accueil\",\"item\":\"https:\\\/\\\/gdpro.qc.ca\\\/en\\\/\"},{\"@type\":\"ListItem\",\"position\":2,\"name\":\"Contact us\"}]},{\"@type\":\"WebSite\",\"@id\":\"https:\\\/\\\/gdpro.qc.ca\\\/en\\\/#website\",\"url\":\"https:\\\/\\\/gdpro.qc.ca\\\/en\\\/\",\"name\":\"\u00c9b\u00e9nisterie G.D. Pro inc.\",\"description\":\"\u00c9b\u00e9nistes de passion avant tout\",\"publisher\":{\"@id\":\"https:\\\/\\\/gdpro.qc.ca\\\/en\\\/#organization\"},\"alternateName\":\"G.D. Pro\",\"potentialAction\":[{\"@type\":\"SearchAction\",\"target\":{\"@type\":\"EntryPoint\",\"urlTemplate\":\"https:\\\/\\\/gdpro.qc.ca\\\/en\\\/?s={search_term_string}\"},\"query-input\":{\"@type\":\"PropertyValueSpecification\",\"valueRequired\":true,\"valueName\":\"search_term_string\"}}],\"inLanguage\":\"en-US\"},{\"@type\":\"Organization\",\"@id\":\"https:\\\/\\\/gdpro.qc.ca\\\/en\\\/#organization\",\"name\":\"\u00c9b\u00e9nisterie G.D. Pro inc.\",\"url\":\"https:\\\/\\\/gdpro.qc.ca\\\/en\\\/\",\"logo\":{\"@type\":\"ImageObject\",\"inLanguage\":\"en-US\",\"@id\":\"https:\\\/\\\/gdpro.qc.ca\\\/en\\\/#\\\/schema\\\/logo\\\/image\\\/\",\"url\":\"https:\\\/\\\/gdpro.qc.ca\\\/wp-content\\\/uploads\\\/2023\\\/04\\\/image-de-site-gdpro.jpg\",\"contentUrl\":\"https:\\\/\\\/gdpro.qc.ca\\\/wp-content\\\/uploads\\\/2023\\\/04\\\/image-de-site-gdpro.jpg\",\"width\":512,\"height\":512,\"caption\":\"\u00c9b\u00e9nisterie G.D. Pro inc.\"},\"image\":{\"@id\":\"https:\\\/\\\/gdpro.qc.ca\\\/en\\\/#\\\/schema\\\/logo\\\/image\\\/\"},\"sameAs\":[\"https:\\\/\\\/www.facebook.com\\\/GDPROINC\",\"https:\\\/\\\/www.linkedin.com\\\/company\\\/bnisterie-gd-pro-inc\\\/\",\"https:\\\/\\\/www.instagram.com\\\/gdproinc\\\/\"]}]}<\/script>\n<!-- \/ Yoast SEO plugin. -->","yoast_head_json":{"title":"Contact us - \u00c9b\u00e9nisterie G.D. Pro inc.","robots":{"index":"index","follow":"follow","max-snippet":"max-snippet:-1","max-image-preview":"max-image-preview:large","max-video-preview":"max-video-preview:-1"},"canonical":"https:\/\/gdpro.qc.ca\/en\/contact-us\/","og_locale":"en_US","og_type":"article","og_title":"Contact us - \u00c9b\u00e9nisterie G.D. Pro inc.","og_description":"Contact Immediateassistance If you need immediate assistance or more information about our customization and integration of specific systems to improve your business process and ensure exceptional efficiency, please contact us at our offices without delay. \u00c9b\u00e9nisterie G.D. Pro inc. 300, Dickson Street Montreal (Quebec) H1N 2H5 Canada info@gdpro.qc.ca Tel. : 514 255-0775 Fax : 514&hellip;","og_url":"https:\/\/gdpro.qc.ca\/en\/contact-us\/","og_site_name":"\u00c9b\u00e9nisterie G.D. Pro inc.","article_publisher":"https:\/\/www.facebook.com\/GDPROINC","article_modified_time":"2023-04-25T15:55:29+00:00","og_image":[{"width":1200,"height":675,"url":"https:\/\/gdpro.qc.ca\/wp-content\/uploads\/2023\/04\/Facebook-GDPro-2.jpg","type":"image\/jpeg"}],"twitter_card":"summary_large_image","schema":{"@context":"https:\/\/schema.org","@graph":[{"@type":"WebPage","@id":"https:\/\/gdpro.qc.ca\/en\/contact-us\/","url":"https:\/\/gdpro.qc.ca\/en\/contact-us\/","name":"Contact us - \u00c9b\u00e9nisterie G.D. Pro inc.","isPartOf":{"@id":"https:\/\/gdpro.qc.ca\/en\/#website"},"datePublished":"2023-04-03T17:43:46+00:00","dateModified":"2023-04-25T15:55:29+00:00","breadcrumb":{"@id":"https:\/\/gdpro.qc.ca\/en\/contact-us\/#breadcrumb"},"inLanguage":"en-US","potentialAction":[{"@type":"ReadAction","target":["https:\/\/gdpro.qc.ca\/en\/contact-us\/"]}]},{"@type":"BreadcrumbList","@id":"https:\/\/gdpro.qc.ca\/en\/contact-us\/#breadcrumb","itemListElement":[{"@type":"ListItem","position":1,"name":"Accueil","item":"https:\/\/gdpro.qc.ca\/en\/"},{"@type":"ListItem","position":2,"name":"Contact us"}]},{"@type":"WebSite","@id":"https:\/\/gdpro.qc.ca\/en\/#website","url":"https:\/\/gdpro.qc.ca\/en\/","name":"\u00c9b\u00e9nisterie G.D. Pro inc.","description":"\u00c9b\u00e9nistes de passion avant tout","publisher":{"@id":"https:\/\/gdpro.qc.ca\/en\/#organization"},"alternateName":"G.D. Pro","potentialAction":[{"@type":"SearchAction","target":{"@type":"EntryPoint","urlTemplate":"https:\/\/gdpro.qc.ca\/en\/?s={search_term_string}"},"query-input":{"@type":"PropertyValueSpecification","valueRequired":true,"valueName":"search_term_string"}}],"inLanguage":"en-US"},{"@type":"Organization","@id":"https:\/\/gdpro.qc.ca\/en\/#organization","name":"\u00c9b\u00e9nisterie G.D. Pro inc.","url":"https:\/\/gdpro.qc.ca\/en\/","logo":{"@type":"ImageObject","inLanguage":"en-US","@id":"https:\/\/gdpro.qc.ca\/en\/#\/schema\/logo\/image\/","url":"https:\/\/gdpro.qc.ca\/wp-content\/uploads\/2023\/04\/image-de-site-gdpro.jpg","contentUrl":"https:\/\/gdpro.qc.ca\/wp-content\/uploads\/2023\/04\/image-de-site-gdpro.jpg","width":512,"height":512,"caption":"\u00c9b\u00e9nisterie G.D. Pro inc."},"image":{"@id":"https:\/\/gdpro.qc.ca\/en\/#\/schema\/logo\/image\/"},"sameAs":["https:\/\/www.facebook.com\/GDPROINC","https:\/\/www.linkedin.com\/company\/bnisterie-gd-pro-inc\/","https:\/\/www.instagram.com\/gdproinc\/"]}]}},"_links":{"self":[{"href":"https:\/\/gdpro.qc.ca\/en\/wp-json\/wp\/v2\/pages\/1436","targetHints":{"allow":["GET"]}}],"collection":[{"href":"https:\/\/gdpro.qc.ca\/en\/wp-json\/wp\/v2\/pages"}],"about":[{"href":"https:\/\/gdpro.qc.ca\/en\/wp-json\/wp\/v2\/types\/page"}],"author":[{"embeddable":true,"href":"https:\/\/gdpro.qc.ca\/en\/wp-json\/wp\/v2\/users\/1"}],"replies":[{"embeddable":true,"href":"https:\/\/gdpro.qc.ca\/en\/wp-json\/wp\/v2\/comments?post=1436"}],"version-history":[{"count":1,"href":"https:\/\/gdpro.qc.ca\/en\/wp-json\/wp\/v2\/pages\/1436\/revisions"}],"predecessor-version":[{"id":1473,"href":"https:\/\/gdpro.qc.ca\/en\/wp-json\/wp\/v2\/pages\/1436\/revisions\/1473"}],"wp:attachment":[{"href":"https:\/\/gdpro.qc.ca\/en\/wp-json\/wp\/v2\/media?parent=1436"}],"curies":[{"name":"wp","href":"https:\/\/api.w.org\/{rel}","templated":true}]}}