{"id":1435,"date":"2023-04-03T13:43:38","date_gmt":"2023-04-03T17:43:38","guid":{"rendered":"https:\/\/staging.gdpro.qc.ca\/careers\/"},"modified":"2024-11-21T15:33:11","modified_gmt":"2024-11-21T20:33:11","slug":"careers","status":"publish","type":"page","link":"https:\/\/gdpro.qc.ca\/en\/careers\/","title":{"rendered":"Careers"},"content":{"rendered":"\n<h1>\n\t\tCareers\n\t<\/h1>\n\t\t\t\t<img loading=\"lazy\" decoding=\"async\" src=\"https:\/\/gdpro.qc.ca\/wp-content\/uploads\/2023\/04\/GD_PRO_Carrieres_deux-employes-plan.jpg\" alt=\"GD_PRO_Carrieres_deux-employes-plan\" itemprop=\"image\" height=\"800\" width=\"2000\" title=\"GD_PRO_Carrieres_deux-employes-plan\" onerror=\"this.style.display='none'\"  \/>\n\t\t\t\t<img loading=\"lazy\" decoding=\"async\" src=\"https:\/\/gdpro.qc.ca\/wp-content\/uploads\/2023\/04\/GD_PRO_Carrieres_depassement.jpg\" alt=\"GD_PRO_Carrieres_depassement\" itemprop=\"image\" height=\"800\" width=\"2000\" title=\"GD_PRO_Carrieres_depassement\" onerror=\"this.style.display='none'\"  \/>\n<h2>\n\t\tDo you want to join our team?\n\t<\/h2>\n\t<p>Send us your spontaneous application! Email your resume to <strong><a href=\"mailto:reception@gdpro.qc.ca\" rel=\"noopener\">reception@gdpro.qc.ca<\/a><\/strong>. Your talent could be exactly what we&#8217;re looking for in future opportunities!<\/p>\n\n","protected":false},"excerpt":{"rendered":"<p>Careers Do you want to join our team? Send us your spontaneous application! Email your resume to reception@gdpro.qc.ca. Your talent could be exactly what we&#8217;re looking for in future opportunities!<\/p>\n","protected":false},"author":1,"featured_media":0,"parent":0,"menu_order":50,"comment_status":"closed","ping_status":"closed","template":"","meta":{"footnotes":""},"class_list":["post-1435","page","type-page","status-publish","hentry"],"yoast_head":"<!-- This site is optimized with the Yoast SEO plugin v27.4 - https:\/\/yoast.com\/product\/yoast-seo-wordpress\/ -->\n<title>Careers - \u00c9b\u00e9nisterie G.D. Pro inc.<\/title>\n<meta name=\"description\" content=\"We are looking for serious candidates to participate in the realization of our projects. Training and balanced work schedule.\" \/>\n<meta name=\"robots\" content=\"index, follow, max-snippet:-1, max-image-preview:large, max-video-preview:-1\" \/>\n<link rel=\"canonical\" href=\"https:\/\/gdpro.qc.ca\/en\/careers\/\" \/>\n<meta property=\"og:locale\" content=\"en_US\" \/>\n<meta property=\"og:type\" content=\"article\" \/>\n<meta property=\"og:title\" content=\"Careers - \u00c9b\u00e9nisterie G.D. Pro inc.\" \/>\n<meta property=\"og:description\" content=\"We are looking for serious candidates to participate in the realization of our projects. Training and balanced work schedule.\" \/>\n<meta property=\"og:url\" content=\"https:\/\/gdpro.qc.ca\/en\/careers\/\" \/>\n<meta property=\"og:site_name\" content=\"\u00c9b\u00e9nisterie G.D. Pro inc.\" \/>\n<meta property=\"article:publisher\" content=\"https:\/\/www.facebook.com\/GDPROINC\" \/>\n<meta property=\"article:modified_time\" content=\"2024-11-21T20:33:11+00:00\" \/>\n<meta property=\"og:image\" content=\"https:\/\/gdpro.qc.ca\/wp-content\/uploads\/2023\/04\/GD_PRO_Carrieres_deux-employes-plan.jpg\" \/>\n<meta name=\"twitter:card\" content=\"summary_large_image\" \/>\n<script type=\"application\/ld+json\" class=\"yoast-schema-graph\">{\"@context\":\"https:\\\/\\\/schema.org\",\"@graph\":[{\"@type\":\"WebPage\",\"@id\":\"https:\\\/\\\/gdpro.qc.ca\\\/en\\\/careers\\\/\",\"url\":\"https:\\\/\\\/gdpro.qc.ca\\\/en\\\/careers\\\/\",\"name\":\"Careers - \u00c9b\u00e9nisterie G.D. Pro inc.\",\"isPartOf\":{\"@id\":\"https:\\\/\\\/gdpro.qc.ca\\\/en\\\/#website\"},\"primaryImageOfPage\":{\"@id\":\"https:\\\/\\\/gdpro.qc.ca\\\/en\\\/careers\\\/#primaryimage\"},\"image\":{\"@id\":\"https:\\\/\\\/gdpro.qc.ca\\\/en\\\/careers\\\/#primaryimage\"},\"thumbnailUrl\":\"https:\\\/\\\/gdpro.qc.ca\\\/wp-content\\\/uploads\\\/2023\\\/04\\\/GD_PRO_Carrieres_deux-employes-plan.jpg\",\"datePublished\":\"2023-04-03T17:43:38+00:00\",\"dateModified\":\"2024-11-21T20:33:11+00:00\",\"description\":\"We are looking for serious candidates to participate in the realization of our projects. Training and balanced work schedule.\",\"breadcrumb\":{\"@id\":\"https:\\\/\\\/gdpro.qc.ca\\\/en\\\/careers\\\/#breadcrumb\"},\"inLanguage\":\"en-US\",\"potentialAction\":[{\"@type\":\"ReadAction\",\"target\":[\"https:\\\/\\\/gdpro.qc.ca\\\/en\\\/careers\\\/\"]}]},{\"@type\":\"ImageObject\",\"inLanguage\":\"en-US\",\"@id\":\"https:\\\/\\\/gdpro.qc.ca\\\/en\\\/careers\\\/#primaryimage\",\"url\":\"https:\\\/\\\/gdpro.qc.ca\\\/wp-content\\\/uploads\\\/2023\\\/04\\\/GD_PRO_Carrieres_deux-employes-plan.jpg\",\"contentUrl\":\"https:\\\/\\\/gdpro.qc.ca\\\/wp-content\\\/uploads\\\/2023\\\/04\\\/GD_PRO_Carrieres_deux-employes-plan.jpg\"},{\"@type\":\"BreadcrumbList\",\"@id\":\"https:\\\/\\\/gdpro.qc.ca\\\/en\\\/careers\\\/#breadcrumb\",\"itemListElement\":[{\"@type\":\"ListItem\",\"position\":1,\"name\":\"Accueil\",\"item\":\"https:\\\/\\\/gdpro.qc.ca\\\/en\\\/\"},{\"@type\":\"ListItem\",\"position\":2,\"name\":\"Careers\"}]},{\"@type\":\"WebSite\",\"@id\":\"https:\\\/\\\/gdpro.qc.ca\\\/en\\\/#website\",\"url\":\"https:\\\/\\\/gdpro.qc.ca\\\/en\\\/\",\"name\":\"\u00c9b\u00e9nisterie G.D. Pro inc.\",\"description\":\"\u00c9b\u00e9nistes de passion avant tout\",\"publisher\":{\"@id\":\"https:\\\/\\\/gdpro.qc.ca\\\/en\\\/#organization\"},\"alternateName\":\"G.D. Pro\",\"potentialAction\":[{\"@type\":\"SearchAction\",\"target\":{\"@type\":\"EntryPoint\",\"urlTemplate\":\"https:\\\/\\\/gdpro.qc.ca\\\/en\\\/?s={search_term_string}\"},\"query-input\":{\"@type\":\"PropertyValueSpecification\",\"valueRequired\":true,\"valueName\":\"search_term_string\"}}],\"inLanguage\":\"en-US\"},{\"@type\":\"Organization\",\"@id\":\"https:\\\/\\\/gdpro.qc.ca\\\/en\\\/#organization\",\"name\":\"\u00c9b\u00e9nisterie G.D. Pro inc.\",\"url\":\"https:\\\/\\\/gdpro.qc.ca\\\/en\\\/\",\"logo\":{\"@type\":\"ImageObject\",\"inLanguage\":\"en-US\",\"@id\":\"https:\\\/\\\/gdpro.qc.ca\\\/en\\\/#\\\/schema\\\/logo\\\/image\\\/\",\"url\":\"https:\\\/\\\/gdpro.qc.ca\\\/wp-content\\\/uploads\\\/2023\\\/04\\\/image-de-site-gdpro.jpg\",\"contentUrl\":\"https:\\\/\\\/gdpro.qc.ca\\\/wp-content\\\/uploads\\\/2023\\\/04\\\/image-de-site-gdpro.jpg\",\"width\":512,\"height\":512,\"caption\":\"\u00c9b\u00e9nisterie G.D. Pro inc.\"},\"image\":{\"@id\":\"https:\\\/\\\/gdpro.qc.ca\\\/en\\\/#\\\/schema\\\/logo\\\/image\\\/\"},\"sameAs\":[\"https:\\\/\\\/www.facebook.com\\\/GDPROINC\",\"https:\\\/\\\/www.linkedin.com\\\/company\\\/bnisterie-gd-pro-inc\\\/\",\"https:\\\/\\\/www.instagram.com\\\/gdproinc\\\/\"]}]}<\/script>\n<!-- \/ Yoast SEO plugin. -->","yoast_head_json":{"title":"Careers - \u00c9b\u00e9nisterie G.D. Pro inc.","description":"We are looking for serious candidates to participate in the realization of our projects. Training and balanced work schedule.","robots":{"index":"index","follow":"follow","max-snippet":"max-snippet:-1","max-image-preview":"max-image-preview:large","max-video-preview":"max-video-preview:-1"},"canonical":"https:\/\/gdpro.qc.ca\/en\/careers\/","og_locale":"en_US","og_type":"article","og_title":"Careers - \u00c9b\u00e9nisterie G.D. Pro inc.","og_description":"We are looking for serious candidates to participate in the realization of our projects. Training and balanced work schedule.","og_url":"https:\/\/gdpro.qc.ca\/en\/careers\/","og_site_name":"\u00c9b\u00e9nisterie G.D. Pro inc.","article_publisher":"https:\/\/www.facebook.com\/GDPROINC","article_modified_time":"2024-11-21T20:33:11+00:00","og_image":[{"url":"https:\/\/gdpro.qc.ca\/wp-content\/uploads\/2023\/04\/GD_PRO_Carrieres_deux-employes-plan.jpg","type":"","width":"","height":""}],"twitter_card":"summary_large_image","schema":{"@context":"https:\/\/schema.org","@graph":[{"@type":"WebPage","@id":"https:\/\/gdpro.qc.ca\/en\/careers\/","url":"https:\/\/gdpro.qc.ca\/en\/careers\/","name":"Careers - \u00c9b\u00e9nisterie G.D. Pro inc.","isPartOf":{"@id":"https:\/\/gdpro.qc.ca\/en\/#website"},"primaryImageOfPage":{"@id":"https:\/\/gdpro.qc.ca\/en\/careers\/#primaryimage"},"image":{"@id":"https:\/\/gdpro.qc.ca\/en\/careers\/#primaryimage"},"thumbnailUrl":"https:\/\/gdpro.qc.ca\/wp-content\/uploads\/2023\/04\/GD_PRO_Carrieres_deux-employes-plan.jpg","datePublished":"2023-04-03T17:43:38+00:00","dateModified":"2024-11-21T20:33:11+00:00","description":"We are looking for serious candidates to participate in the realization of our projects. Training and balanced work schedule.","breadcrumb":{"@id":"https:\/\/gdpro.qc.ca\/en\/careers\/#breadcrumb"},"inLanguage":"en-US","potentialAction":[{"@type":"ReadAction","target":["https:\/\/gdpro.qc.ca\/en\/careers\/"]}]},{"@type":"ImageObject","inLanguage":"en-US","@id":"https:\/\/gdpro.qc.ca\/en\/careers\/#primaryimage","url":"https:\/\/gdpro.qc.ca\/wp-content\/uploads\/2023\/04\/GD_PRO_Carrieres_deux-employes-plan.jpg","contentUrl":"https:\/\/gdpro.qc.ca\/wp-content\/uploads\/2023\/04\/GD_PRO_Carrieres_deux-employes-plan.jpg"},{"@type":"BreadcrumbList","@id":"https:\/\/gdpro.qc.ca\/en\/careers\/#breadcrumb","itemListElement":[{"@type":"ListItem","position":1,"name":"Accueil","item":"https:\/\/gdpro.qc.ca\/en\/"},{"@type":"ListItem","position":2,"name":"Careers"}]},{"@type":"WebSite","@id":"https:\/\/gdpro.qc.ca\/en\/#website","url":"https:\/\/gdpro.qc.ca\/en\/","name":"\u00c9b\u00e9nisterie G.D. Pro inc.","description":"\u00c9b\u00e9nistes de passion avant tout","publisher":{"@id":"https:\/\/gdpro.qc.ca\/en\/#organization"},"alternateName":"G.D. Pro","potentialAction":[{"@type":"SearchAction","target":{"@type":"EntryPoint","urlTemplate":"https:\/\/gdpro.qc.ca\/en\/?s={search_term_string}"},"query-input":{"@type":"PropertyValueSpecification","valueRequired":true,"valueName":"search_term_string"}}],"inLanguage":"en-US"},{"@type":"Organization","@id":"https:\/\/gdpro.qc.ca\/en\/#organization","name":"\u00c9b\u00e9nisterie G.D. Pro inc.","url":"https:\/\/gdpro.qc.ca\/en\/","logo":{"@type":"ImageObject","inLanguage":"en-US","@id":"https:\/\/gdpro.qc.ca\/en\/#\/schema\/logo\/image\/","url":"https:\/\/gdpro.qc.ca\/wp-content\/uploads\/2023\/04\/image-de-site-gdpro.jpg","contentUrl":"https:\/\/gdpro.qc.ca\/wp-content\/uploads\/2023\/04\/image-de-site-gdpro.jpg","width":512,"height":512,"caption":"\u00c9b\u00e9nisterie G.D. Pro inc."},"image":{"@id":"https:\/\/gdpro.qc.ca\/en\/#\/schema\/logo\/image\/"},"sameAs":["https:\/\/www.facebook.com\/GDPROINC","https:\/\/www.linkedin.com\/company\/bnisterie-gd-pro-inc\/","https:\/\/www.instagram.com\/gdproinc\/"]}]}},"_links":{"self":[{"href":"https:\/\/gdpro.qc.ca\/en\/wp-json\/wp\/v2\/pages\/1435","targetHints":{"allow":["GET"]}}],"collection":[{"href":"https:\/\/gdpro.qc.ca\/en\/wp-json\/wp\/v2\/pages"}],"about":[{"href":"https:\/\/gdpro.qc.ca\/en\/wp-json\/wp\/v2\/types\/page"}],"author":[{"embeddable":true,"href":"https:\/\/gdpro.qc.ca\/en\/wp-json\/wp\/v2\/users\/1"}],"replies":[{"embeddable":true,"href":"https:\/\/gdpro.qc.ca\/en\/wp-json\/wp\/v2\/comments?post=1435"}],"version-history":[{"count":4,"href":"https:\/\/gdpro.qc.ca\/en\/wp-json\/wp\/v2\/pages\/1435\/revisions"}],"predecessor-version":[{"id":1521,"href":"https:\/\/gdpro.qc.ca\/en\/wp-json\/wp\/v2\/pages\/1435\/revisions\/1521"}],"wp:attachment":[{"href":"https:\/\/gdpro.qc.ca\/en\/wp-json\/wp\/v2\/media?parent=1435"}],"curies":[{"name":"wp","href":"https:\/\/api.w.org\/{rel}","templated":true}]}}