{"id":1434,"date":"2023-04-03T13:43:29","date_gmt":"2023-04-03T17:43:29","guid":{"rendered":"https:\/\/staging.gdpro.qc.ca\/services\/"},"modified":"2023-04-25T11:55:59","modified_gmt":"2023-04-25T15:55:59","slug":"services","status":"publish","type":"page","link":"https:\/\/gdpro.qc.ca\/en\/services\/","title":{"rendered":"Services"},"content":{"rendered":"\n<h1>\n\t\tServices\n\t<\/h1>\n<h2>\n\t\tAdvanced technology<br \/>for maximum precision\n\t<\/h2>\n<h3>\n\t\tDesign\n\t<\/h3>\n\t<p>Our cutting-edge offices feature state-of-the-art computerized infrastructure, enabling our team and clients to collaborate seamlessly in the creation of both large and small-scale projects. <\/p>\n<h3>\n\t\t3D Design\n\t<\/h3>\n\t<p>Our powerful 3D design software allows us to produce fabrication and installation plans that are highly visual and intuitive, providing our clients with a clear understanding of their project before it even begins. <\/p>\n<h3>\n\t\tMaterial Selection\n\t<\/h3>\n\t<p>We offer an infinite selection of materials, ensuring a multitude of options for our customers. No request is too complex or unique for our team to handle. <\/p>\n\t\t\t\t<img loading=\"lazy\" decoding=\"async\" src=\"https:\/\/gdpro.qc.ca\/wp-content\/uploads\/2023\/04\/GD_PRO_Services-couleurs.jpg\" alt=\"GD_PRO_Services-couleurs\" itemprop=\"image\" height=\"800\" width=\"2000\" title=\"GD_PRO_Services-couleurs\" onerror=\"this.style.display='none'\"  \/>\n<h2>\n\t\tAdvanced Machining Centres<br \/>and without limits\n\t<\/h2>\n<h3>\n\t\tRobotics\n\t<\/h3>\n\t<p>Our vast manufacturing plant boasts numerous advanced machining centers, including 5 CNC machines, each unique in their diverse production capabilities. With the ability to produce custom parts on demand, we are equipped to create any shape without limitations. <\/p>\n<h3>\n\t\tManufacturing\n\t<\/h3>\n\t<p>Each piece of furniture is carefully packed to ensure safe transportation and delivery. With over 75,000 square feet of factory space, we are equipped to store furniture until the time of delivery. <\/p>\n<h3>\n\t\tInstallation\n\t<\/h3>\n\t<p>In addition to design and manufacturing, we offer installation services anywhere on the continent, ensuring a seamless experience from start to finish.<\/p>\n\t\t\t\t<img loading=\"lazy\" decoding=\"async\" src=\"https:\/\/gdpro.qc.ca\/wp-content\/uploads\/2023\/04\/GD_PRO_Services-manufacture.jpg\" alt=\"GD_PRO_Services-manufacture\" itemprop=\"image\" height=\"800\" width=\"2000\" title=\"GD_PRO_Services-manufacture\" onerror=\"this.style.display='none'\"  \/>\n<h2>\n\t\tUncompromising Precision\n\t<\/h2>\n\t<p>We constantly evolve our high-tech tools to offer maximum precision and efficiency, significantly reducing production time. As a leader in the field, G.D. Pro provides the best value for our customers&#8217; investment, while keeping pace with the demands of a growing market. We remain committed to sourcing new and innovative products to meet the evolving needs of our expanding client base.  <\/p>\n\t\t\t\t<img loading=\"lazy\" decoding=\"async\" src=\"https:\/\/gdpro.qc.ca\/wp-content\/uploads\/2023\/04\/GD_PRO_Services-Entrepot.jpg\" alt=\"GD_PRO_Services-Entrepot\" itemprop=\"image\" height=\"800\" width=\"2000\" title=\"GD_PRO_Services-Entrepot\" onerror=\"this.style.display='none'\"  \/>\n\n","protected":false},"excerpt":{"rendered":"<p>Services Advanced technologyfor maximum precision Design Our cutting-edge offices feature state-of-the-art computerized infrastructure, enabling our team and clients to collaborate seamlessly in the creation of both large and small-scale projects. 3D Design Our powerful 3D design software allows us to produce fabrication and installation plans that are highly visual and intuitive, providing our clients with&hellip;<\/p>\n","protected":false},"author":1,"featured_media":0,"parent":0,"menu_order":40,"comment_status":"closed","ping_status":"closed","template":"","meta":{"footnotes":""},"class_list":["post-1434","page","type-page","status-publish","hentry"],"yoast_head":"<!-- This site is optimized with the Yoast SEO plugin v27.3 - https:\/\/yoast.com\/product\/yoast-seo-wordpress\/ -->\n<title>Services - \u00c9b\u00e9nisterie G.D. Pro inc.<\/title>\n<meta name=\"robots\" content=\"index, follow, max-snippet:-1, max-image-preview:large, max-video-preview:-1\" \/>\n<link rel=\"canonical\" href=\"https:\/\/gdpro.qc.ca\/en\/services\/\" \/>\n<meta property=\"og:locale\" content=\"en_US\" \/>\n<meta property=\"og:type\" content=\"article\" \/>\n<meta property=\"og:title\" content=\"Services - \u00c9b\u00e9nisterie G.D. Pro inc.\" \/>\n<meta property=\"og:description\" content=\"Services Advanced technologyfor maximum precision Design Our cutting-edge offices feature state-of-the-art computerized infrastructure, enabling our team and clients to collaborate seamlessly in the creation of both large and small-scale projects. 3D Design Our powerful 3D design software allows us to produce fabrication and installation plans that are highly visual and intuitive, providing our clients with&hellip;\" \/>\n<meta property=\"og:url\" content=\"https:\/\/gdpro.qc.ca\/en\/services\/\" \/>\n<meta property=\"og:site_name\" content=\"\u00c9b\u00e9nisterie G.D. Pro inc.\" \/>\n<meta property=\"article:publisher\" content=\"https:\/\/www.facebook.com\/GDPROINC\" \/>\n<meta property=\"article:modified_time\" content=\"2023-04-25T15:55:59+00:00\" \/>\n<meta property=\"og:image\" content=\"https:\/\/gdpro.qc.ca\/wp-content\/uploads\/2023\/04\/GD_PRO_Services-couleurs.jpg\" \/>\n<meta name=\"twitter:card\" content=\"summary_large_image\" \/>\n<meta name=\"twitter:label1\" content=\"Est. reading time\" \/>\n\t<meta name=\"twitter:data1\" content=\"1 minute\" \/>\n<script type=\"application\/ld+json\" class=\"yoast-schema-graph\">{\"@context\":\"https:\\\/\\\/schema.org\",\"@graph\":[{\"@type\":\"WebPage\",\"@id\":\"https:\\\/\\\/gdpro.qc.ca\\\/en\\\/services\\\/\",\"url\":\"https:\\\/\\\/gdpro.qc.ca\\\/en\\\/services\\\/\",\"name\":\"Services - \u00c9b\u00e9nisterie G.D. Pro inc.\",\"isPartOf\":{\"@id\":\"https:\\\/\\\/gdpro.qc.ca\\\/en\\\/#website\"},\"primaryImageOfPage\":{\"@id\":\"https:\\\/\\\/gdpro.qc.ca\\\/en\\\/services\\\/#primaryimage\"},\"image\":{\"@id\":\"https:\\\/\\\/gdpro.qc.ca\\\/en\\\/services\\\/#primaryimage\"},\"thumbnailUrl\":\"https:\\\/\\\/gdpro.qc.ca\\\/wp-content\\\/uploads\\\/2023\\\/04\\\/GD_PRO_Services-couleurs.jpg\",\"datePublished\":\"2023-04-03T17:43:29+00:00\",\"dateModified\":\"2023-04-25T15:55:59+00:00\",\"breadcrumb\":{\"@id\":\"https:\\\/\\\/gdpro.qc.ca\\\/en\\\/services\\\/#breadcrumb\"},\"inLanguage\":\"en-US\",\"potentialAction\":[{\"@type\":\"ReadAction\",\"target\":[\"https:\\\/\\\/gdpro.qc.ca\\\/en\\\/services\\\/\"]}]},{\"@type\":\"ImageObject\",\"inLanguage\":\"en-US\",\"@id\":\"https:\\\/\\\/gdpro.qc.ca\\\/en\\\/services\\\/#primaryimage\",\"url\":\"https:\\\/\\\/gdpro.qc.ca\\\/wp-content\\\/uploads\\\/2023\\\/04\\\/GD_PRO_Services-couleurs.jpg\",\"contentUrl\":\"https:\\\/\\\/gdpro.qc.ca\\\/wp-content\\\/uploads\\\/2023\\\/04\\\/GD_PRO_Services-couleurs.jpg\"},{\"@type\":\"BreadcrumbList\",\"@id\":\"https:\\\/\\\/gdpro.qc.ca\\\/en\\\/services\\\/#breadcrumb\",\"itemListElement\":[{\"@type\":\"ListItem\",\"position\":1,\"name\":\"Accueil\",\"item\":\"https:\\\/\\\/gdpro.qc.ca\\\/en\\\/\"},{\"@type\":\"ListItem\",\"position\":2,\"name\":\"Services\"}]},{\"@type\":\"WebSite\",\"@id\":\"https:\\\/\\\/gdpro.qc.ca\\\/en\\\/#website\",\"url\":\"https:\\\/\\\/gdpro.qc.ca\\\/en\\\/\",\"name\":\"\u00c9b\u00e9nisterie G.D. Pro inc.\",\"description\":\"\u00c9b\u00e9nistes de passion avant tout\",\"publisher\":{\"@id\":\"https:\\\/\\\/gdpro.qc.ca\\\/en\\\/#organization\"},\"alternateName\":\"G.D. Pro\",\"potentialAction\":[{\"@type\":\"SearchAction\",\"target\":{\"@type\":\"EntryPoint\",\"urlTemplate\":\"https:\\\/\\\/gdpro.qc.ca\\\/en\\\/?s={search_term_string}\"},\"query-input\":{\"@type\":\"PropertyValueSpecification\",\"valueRequired\":true,\"valueName\":\"search_term_string\"}}],\"inLanguage\":\"en-US\"},{\"@type\":\"Organization\",\"@id\":\"https:\\\/\\\/gdpro.qc.ca\\\/en\\\/#organization\",\"name\":\"\u00c9b\u00e9nisterie G.D. Pro inc.\",\"url\":\"https:\\\/\\\/gdpro.qc.ca\\\/en\\\/\",\"logo\":{\"@type\":\"ImageObject\",\"inLanguage\":\"en-US\",\"@id\":\"https:\\\/\\\/gdpro.qc.ca\\\/en\\\/#\\\/schema\\\/logo\\\/image\\\/\",\"url\":\"https:\\\/\\\/gdpro.qc.ca\\\/wp-content\\\/uploads\\\/2023\\\/04\\\/image-de-site-gdpro.jpg\",\"contentUrl\":\"https:\\\/\\\/gdpro.qc.ca\\\/wp-content\\\/uploads\\\/2023\\\/04\\\/image-de-site-gdpro.jpg\",\"width\":512,\"height\":512,\"caption\":\"\u00c9b\u00e9nisterie G.D. Pro inc.\"},\"image\":{\"@id\":\"https:\\\/\\\/gdpro.qc.ca\\\/en\\\/#\\\/schema\\\/logo\\\/image\\\/\"},\"sameAs\":[\"https:\\\/\\\/www.facebook.com\\\/GDPROINC\",\"https:\\\/\\\/www.linkedin.com\\\/company\\\/bnisterie-gd-pro-inc\\\/\",\"https:\\\/\\\/www.instagram.com\\\/gdproinc\\\/\"]}]}<\/script>\n<!-- \/ Yoast SEO plugin. -->","yoast_head_json":{"title":"Services - \u00c9b\u00e9nisterie G.D. Pro inc.","robots":{"index":"index","follow":"follow","max-snippet":"max-snippet:-1","max-image-preview":"max-image-preview:large","max-video-preview":"max-video-preview:-1"},"canonical":"https:\/\/gdpro.qc.ca\/en\/services\/","og_locale":"en_US","og_type":"article","og_title":"Services - \u00c9b\u00e9nisterie G.D. Pro inc.","og_description":"Services Advanced technologyfor maximum precision Design Our cutting-edge offices feature state-of-the-art computerized infrastructure, enabling our team and clients to collaborate seamlessly in the creation of both large and small-scale projects. 3D Design Our powerful 3D design software allows us to produce fabrication and installation plans that are highly visual and intuitive, providing our clients with&hellip;","og_url":"https:\/\/gdpro.qc.ca\/en\/services\/","og_site_name":"\u00c9b\u00e9nisterie G.D. Pro inc.","article_publisher":"https:\/\/www.facebook.com\/GDPROINC","article_modified_time":"2023-04-25T15:55:59+00:00","og_image":[{"url":"https:\/\/gdpro.qc.ca\/wp-content\/uploads\/2023\/04\/GD_PRO_Services-couleurs.jpg","type":"","width":"","height":""}],"twitter_card":"summary_large_image","twitter_misc":{"Est. reading time":"1 minute"},"schema":{"@context":"https:\/\/schema.org","@graph":[{"@type":"WebPage","@id":"https:\/\/gdpro.qc.ca\/en\/services\/","url":"https:\/\/gdpro.qc.ca\/en\/services\/","name":"Services - \u00c9b\u00e9nisterie G.D. Pro inc.","isPartOf":{"@id":"https:\/\/gdpro.qc.ca\/en\/#website"},"primaryImageOfPage":{"@id":"https:\/\/gdpro.qc.ca\/en\/services\/#primaryimage"},"image":{"@id":"https:\/\/gdpro.qc.ca\/en\/services\/#primaryimage"},"thumbnailUrl":"https:\/\/gdpro.qc.ca\/wp-content\/uploads\/2023\/04\/GD_PRO_Services-couleurs.jpg","datePublished":"2023-04-03T17:43:29+00:00","dateModified":"2023-04-25T15:55:59+00:00","breadcrumb":{"@id":"https:\/\/gdpro.qc.ca\/en\/services\/#breadcrumb"},"inLanguage":"en-US","potentialAction":[{"@type":"ReadAction","target":["https:\/\/gdpro.qc.ca\/en\/services\/"]}]},{"@type":"ImageObject","inLanguage":"en-US","@id":"https:\/\/gdpro.qc.ca\/en\/services\/#primaryimage","url":"https:\/\/gdpro.qc.ca\/wp-content\/uploads\/2023\/04\/GD_PRO_Services-couleurs.jpg","contentUrl":"https:\/\/gdpro.qc.ca\/wp-content\/uploads\/2023\/04\/GD_PRO_Services-couleurs.jpg"},{"@type":"BreadcrumbList","@id":"https:\/\/gdpro.qc.ca\/en\/services\/#breadcrumb","itemListElement":[{"@type":"ListItem","position":1,"name":"Accueil","item":"https:\/\/gdpro.qc.ca\/en\/"},{"@type":"ListItem","position":2,"name":"Services"}]},{"@type":"WebSite","@id":"https:\/\/gdpro.qc.ca\/en\/#website","url":"https:\/\/gdpro.qc.ca\/en\/","name":"\u00c9b\u00e9nisterie G.D. Pro inc.","description":"\u00c9b\u00e9nistes de passion avant tout","publisher":{"@id":"https:\/\/gdpro.qc.ca\/en\/#organization"},"alternateName":"G.D. Pro","potentialAction":[{"@type":"SearchAction","target":{"@type":"EntryPoint","urlTemplate":"https:\/\/gdpro.qc.ca\/en\/?s={search_term_string}"},"query-input":{"@type":"PropertyValueSpecification","valueRequired":true,"valueName":"search_term_string"}}],"inLanguage":"en-US"},{"@type":"Organization","@id":"https:\/\/gdpro.qc.ca\/en\/#organization","name":"\u00c9b\u00e9nisterie G.D. Pro inc.","url":"https:\/\/gdpro.qc.ca\/en\/","logo":{"@type":"ImageObject","inLanguage":"en-US","@id":"https:\/\/gdpro.qc.ca\/en\/#\/schema\/logo\/image\/","url":"https:\/\/gdpro.qc.ca\/wp-content\/uploads\/2023\/04\/image-de-site-gdpro.jpg","contentUrl":"https:\/\/gdpro.qc.ca\/wp-content\/uploads\/2023\/04\/image-de-site-gdpro.jpg","width":512,"height":512,"caption":"\u00c9b\u00e9nisterie G.D. Pro inc."},"image":{"@id":"https:\/\/gdpro.qc.ca\/en\/#\/schema\/logo\/image\/"},"sameAs":["https:\/\/www.facebook.com\/GDPROINC","https:\/\/www.linkedin.com\/company\/bnisterie-gd-pro-inc\/","https:\/\/www.instagram.com\/gdproinc\/"]}]}},"_links":{"self":[{"href":"https:\/\/gdpro.qc.ca\/en\/wp-json\/wp\/v2\/pages\/1434","targetHints":{"allow":["GET"]}}],"collection":[{"href":"https:\/\/gdpro.qc.ca\/en\/wp-json\/wp\/v2\/pages"}],"about":[{"href":"https:\/\/gdpro.qc.ca\/en\/wp-json\/wp\/v2\/types\/page"}],"author":[{"embeddable":true,"href":"https:\/\/gdpro.qc.ca\/en\/wp-json\/wp\/v2\/users\/1"}],"replies":[{"embeddable":true,"href":"https:\/\/gdpro.qc.ca\/en\/wp-json\/wp\/v2\/comments?post=1434"}],"version-history":[{"count":1,"href":"https:\/\/gdpro.qc.ca\/en\/wp-json\/wp\/v2\/pages\/1434\/revisions"}],"predecessor-version":[{"id":1474,"href":"https:\/\/gdpro.qc.ca\/en\/wp-json\/wp\/v2\/pages\/1434\/revisions\/1474"}],"wp:attachment":[{"href":"https:\/\/gdpro.qc.ca\/en\/wp-json\/wp\/v2\/media?parent=1434"}],"curies":[{"name":"wp","href":"https:\/\/api.w.org\/{rel}","templated":true}]}}