{"id":1432,"date":"2023-04-03T13:43:10","date_gmt":"2023-04-03T17:43:10","guid":{"rendered":"https:\/\/staging.gdpro.qc.ca\/company\/"},"modified":"2023-04-25T11:56:34","modified_gmt":"2023-04-25T15:56:34","slug":"company","status":"publish","type":"page","link":"https:\/\/gdpro.qc.ca\/en\/company\/","title":{"rendered":"Company"},"content":{"rendered":"\n<h1>\n\t\tCompany\n\t<\/h1>\n<h2>\n\t\tA creative<br \/>and dynamic<br \/>team\n\t<\/h2>\n\t<p>With a specialization in woodworking, \u00c9b\u00e9nisterie G.D. Pro Inc. is passionately committed to providing top-quality products and exceptional services to its clients while respecting the deadlines of each contract. <\/p>\n<p>At \u00c9b\u00e9nisterie G.D. Pro Inc., we believe that collaboration and advice are essential to meeting our clients&#8217; needs and establishing a relationship of trust. Therefore, we take great care to work closely with our clients to guide them in the development of their project.<\/p>\n<p>In addition, our company has a clear vision of the need to preserve the environment and is therefore committed to constantly seeking ways to improve the quality of the materials, equipment, and tools we use. At \u00c9b\u00e9nisterie G.D. Pro Inc., we are convinced that our commitment to the environment is essential to ensure a sustainable future for our clients and for the planet.<\/p>\n<h6>\n\t\tESTim Laureate 2009\n\t<\/h6>\n\t<p>We are honored to be the recipient of the prestigious ESTim award for Project Investment, presented by Investissement Quebec. This esteemed recognition is the culmination of a competition that celebrates exceptional success and endeavors to promote a sense of pride and belonging within our community.  <\/p>\n<p>At \u00c9b\u00e9nisterie G.D. Pro Inc., we strive to distinguish ourselves through our commitment to excellence, and this recognition underscores our unwavering dedication to our craft. We remain steadfast in our resolve to push the boundaries of innovation and continue to make meaningful contributions to the growth and prosperity of our region.<\/p>\n<h6>\n\t\tCertification\n\t<\/h6>\n<h6>\n\t\tCESGM\n\t<\/h6>\n\t<p><a href=\"https:\/\/www.cesgm.com\/\" target=\"_blank\" rel=\"noopener\">https:\/\/www.cesgm.com\/<\/a><\/p>\n<h6>\n\t\tRBQ contractor&#8217;s license\n\t<\/h6>\n\t<p>2841-4977-83<\/p>\n<p><a href=\"https:\/\/www.pes.rbq.gouv.qc.ca\/RegistreLicences\/Recherche\/Resultats?mode=Entreprise&amp;crit=r1TSc6INGEWKtcUK6jcX9%2FEByYB22EJQyiTukjrpiNiBdLFBdmxsUQD5hDhRnpniSWRgQPOq4Oq7AYd4UqvduXNoxS7GrtZarAE5%2FQv2Tj9k9EtXsKZODcycaRS2vCDNPQ6XfEMFITtraZrvf%2BgSWfFvbg7%2F2AByvo9jt15fGvm6XXiMHNQlt%2FDj8TvcM%2BkzkNudZqYRmldcw4oFmJRQDTDOfxW1iVdEm89P2zsXKM2Y0TCZyKvddpSYV2iN%2BCTtlwmnS%2BdBqFHqL9fjxCTpSllVu9%2Bn0AkE9pAUs3nCcCgyEdyuMCuSzJcKmryLvywVw8hARJ5PxTbC%2BzhV7tuCws8vydqFrh%2BCbM%2FYl3fXmwpTjfUsjiuD0hCas6KSEHltuIeD3h%2Bqay8YsOOmj1eybjdbMj3%2FB8YTp5B9eR2%2B8uSdyV4UHRWYruYONiG2I6keUsytre8DoKuFxk%2Fs6iMfFM%2BSzk7QKzGNHfJpw%2BRTNWZ0oiJwAYqRnPrMpS0gz5KiB16W6pNELzb3KlxV3QviH7Yl5kvJXVD6WRAe%2FH9YYMS35mdEvGlbeDxOez7ppg4Z8Qyw1YAsoiO%2BNx4VKQbD%2Brrinpi16DoEfEnOo5vpr6iTXUJpSNCtGDYMyZLrhE9y%2FYn7j0PBSWpjJ2S2Ak5K6VGWIWk8Nlw83eMCYXFuASALAgO19a%2FA2m5rAO763VAf\" target=\"_blank\" rel=\"noopener\">https:\/\/www.rbq.gouv.qc.ca\/<\/a><\/p>\n<h2>\n\t\tOur Story \n\t<\/h2>\n\t<p>\u00c9b\u00e9nisterie G.D.&nbsp;Pro Inc. embarked on its journey on September 1<sup>st<\/sup>, 1990, with a team of merely four employees in a modest 6,000 square feet workspace. In a span of three years, the company scaled up its operations and the workforce, which marked the beginning of an upward trajectory for the organization.  <\/p>\n<p>In 1997, \u00c9b\u00e9nisterie G.D.&nbsp;Pro acquired a state-of-the-art facility at 300 Dickson Street in Montreal, catapulting the workspace to 26,000 square feet. Subsequently, two significant expansions in 2001 and 2007 further propelled the organization&#8217;s growth, providing over 75,000&nbsp;square feet of factory floor space, storage, and designer and administrative offices. <\/p>\n<p>The company&#8217;s technological evolution commenced in 2000 with the acquisition of its first computer numerical control (CNC), and the modernization drive continued in 2007 with the induction of cutting-edge equipment such as digital panel saw, digital edge bander, and a second CNC. The innovative approach continued in 2009 with the integration of five computer numerical controls, including one with five axles. <\/p>\n<h2>\n\t\tToday\n\t<\/h2>\n\t<p>Presently, \u00c9b\u00e9nisterie G.D. Pro Inc. boasts a team of nearly forty adept employees, dedicated to delivering exceptional services to our valued customers. Our dynamic and innovative team takes pride in their work and are committed to upholding the company&#8217;s legacy of excellence.  <\/p>\n<p>Since our inception, our production activities have predominantly centered on the commercial and industrial sectors. However, at \u00c9b\u00e9nisterie G.D. Pro Inc., we are constantly on the lookout for new challenges, leveraging our ingenuity and innovative spirit to exceed expectations.<\/p>\n\t<p>The superior quality of our newly developed products has only served to reinforce the company&#8217;s sterling reputation.<\/p>\n\n","protected":false},"excerpt":{"rendered":"<p>Company A creativeand dynamicteam With a specialization in woodworking, \u00c9b\u00e9nisterie G.D. Pro Inc. is passionately committed to providing top-quality products and exceptional services to its clients while respecting the deadlines of each contract. At \u00c9b\u00e9nisterie G.D. Pro Inc., we believe that collaboration and advice are essential to meeting our clients&#8217; needs and establishing a relationship&hellip;<\/p>\n","protected":false},"author":1,"featured_media":0,"parent":0,"menu_order":20,"comment_status":"closed","ping_status":"closed","template":"","meta":{"footnotes":""},"class_list":["post-1432","page","type-page","status-publish","hentry"],"yoast_head":"<!-- This site is optimized with the Yoast SEO plugin v27.4 - https:\/\/yoast.com\/product\/yoast-seo-wordpress\/ -->\n<title>Company - \u00c9b\u00e9nisterie G.D. Pro inc.<\/title>\n<meta name=\"robots\" content=\"index, follow, max-snippet:-1, max-image-preview:large, max-video-preview:-1\" \/>\n<link rel=\"canonical\" href=\"https:\/\/gdpro.qc.ca\/en\/company\/\" \/>\n<meta property=\"og:locale\" content=\"en_US\" \/>\n<meta property=\"og:type\" content=\"article\" \/>\n<meta property=\"og:title\" content=\"Company - \u00c9b\u00e9nisterie G.D. Pro inc.\" \/>\n<meta property=\"og:description\" content=\"Company A creativeand dynamicteam With a specialization in woodworking, \u00c9b\u00e9nisterie G.D. Pro Inc. is passionately committed to providing top-quality products and exceptional services to its clients while respecting the deadlines of each contract. At \u00c9b\u00e9nisterie G.D. Pro Inc., we believe that collaboration and advice are essential to meeting our clients&#8217; needs and establishing a relationship&hellip;\" \/>\n<meta property=\"og:url\" content=\"https:\/\/gdpro.qc.ca\/en\/company\/\" \/>\n<meta property=\"og:site_name\" content=\"\u00c9b\u00e9nisterie G.D. Pro inc.\" \/>\n<meta property=\"article:publisher\" content=\"https:\/\/www.facebook.com\/GDPROINC\" \/>\n<meta property=\"article:modified_time\" content=\"2023-04-25T15:56:34+00:00\" \/>\n<meta property=\"og:image\" content=\"https:\/\/gdpro.qc.ca\/wp-content\/uploads\/2023\/04\/Facebook-GDPro-2.jpg\" \/>\n\t<meta property=\"og:image:width\" content=\"1200\" \/>\n\t<meta property=\"og:image:height\" content=\"675\" \/>\n\t<meta property=\"og:image:type\" content=\"image\/jpeg\" \/>\n<meta name=\"twitter:card\" content=\"summary_large_image\" \/>\n<meta name=\"twitter:label1\" content=\"Est. reading time\" \/>\n\t<meta name=\"twitter:data1\" content=\"3 minutes\" \/>\n<script type=\"application\/ld+json\" class=\"yoast-schema-graph\">{\"@context\":\"https:\\\/\\\/schema.org\",\"@graph\":[{\"@type\":\"WebPage\",\"@id\":\"https:\\\/\\\/gdpro.qc.ca\\\/en\\\/company\\\/\",\"url\":\"https:\\\/\\\/gdpro.qc.ca\\\/en\\\/company\\\/\",\"name\":\"Company - \u00c9b\u00e9nisterie G.D. Pro inc.\",\"isPartOf\":{\"@id\":\"https:\\\/\\\/gdpro.qc.ca\\\/en\\\/#website\"},\"datePublished\":\"2023-04-03T17:43:10+00:00\",\"dateModified\":\"2023-04-25T15:56:34+00:00\",\"breadcrumb\":{\"@id\":\"https:\\\/\\\/gdpro.qc.ca\\\/en\\\/company\\\/#breadcrumb\"},\"inLanguage\":\"en-US\",\"potentialAction\":[{\"@type\":\"ReadAction\",\"target\":[\"https:\\\/\\\/gdpro.qc.ca\\\/en\\\/company\\\/\"]}]},{\"@type\":\"BreadcrumbList\",\"@id\":\"https:\\\/\\\/gdpro.qc.ca\\\/en\\\/company\\\/#breadcrumb\",\"itemListElement\":[{\"@type\":\"ListItem\",\"position\":1,\"name\":\"Accueil\",\"item\":\"https:\\\/\\\/gdpro.qc.ca\\\/en\\\/\"},{\"@type\":\"ListItem\",\"position\":2,\"name\":\"Company\"}]},{\"@type\":\"WebSite\",\"@id\":\"https:\\\/\\\/gdpro.qc.ca\\\/en\\\/#website\",\"url\":\"https:\\\/\\\/gdpro.qc.ca\\\/en\\\/\",\"name\":\"\u00c9b\u00e9nisterie G.D. Pro inc.\",\"description\":\"\u00c9b\u00e9nistes de passion avant tout\",\"publisher\":{\"@id\":\"https:\\\/\\\/gdpro.qc.ca\\\/en\\\/#organization\"},\"alternateName\":\"G.D. Pro\",\"potentialAction\":[{\"@type\":\"SearchAction\",\"target\":{\"@type\":\"EntryPoint\",\"urlTemplate\":\"https:\\\/\\\/gdpro.qc.ca\\\/en\\\/?s={search_term_string}\"},\"query-input\":{\"@type\":\"PropertyValueSpecification\",\"valueRequired\":true,\"valueName\":\"search_term_string\"}}],\"inLanguage\":\"en-US\"},{\"@type\":\"Organization\",\"@id\":\"https:\\\/\\\/gdpro.qc.ca\\\/en\\\/#organization\",\"name\":\"\u00c9b\u00e9nisterie G.D. Pro inc.\",\"url\":\"https:\\\/\\\/gdpro.qc.ca\\\/en\\\/\",\"logo\":{\"@type\":\"ImageObject\",\"inLanguage\":\"en-US\",\"@id\":\"https:\\\/\\\/gdpro.qc.ca\\\/en\\\/#\\\/schema\\\/logo\\\/image\\\/\",\"url\":\"https:\\\/\\\/gdpro.qc.ca\\\/wp-content\\\/uploads\\\/2023\\\/04\\\/image-de-site-gdpro.jpg\",\"contentUrl\":\"https:\\\/\\\/gdpro.qc.ca\\\/wp-content\\\/uploads\\\/2023\\\/04\\\/image-de-site-gdpro.jpg\",\"width\":512,\"height\":512,\"caption\":\"\u00c9b\u00e9nisterie G.D. Pro inc.\"},\"image\":{\"@id\":\"https:\\\/\\\/gdpro.qc.ca\\\/en\\\/#\\\/schema\\\/logo\\\/image\\\/\"},\"sameAs\":[\"https:\\\/\\\/www.facebook.com\\\/GDPROINC\",\"https:\\\/\\\/www.linkedin.com\\\/company\\\/bnisterie-gd-pro-inc\\\/\",\"https:\\\/\\\/www.instagram.com\\\/gdproinc\\\/\"]}]}<\/script>\n<!-- \/ Yoast SEO plugin. -->","yoast_head_json":{"title":"Company - \u00c9b\u00e9nisterie G.D. Pro inc.","robots":{"index":"index","follow":"follow","max-snippet":"max-snippet:-1","max-image-preview":"max-image-preview:large","max-video-preview":"max-video-preview:-1"},"canonical":"https:\/\/gdpro.qc.ca\/en\/company\/","og_locale":"en_US","og_type":"article","og_title":"Company - \u00c9b\u00e9nisterie G.D. Pro inc.","og_description":"Company A creativeand dynamicteam With a specialization in woodworking, \u00c9b\u00e9nisterie G.D. Pro Inc. is passionately committed to providing top-quality products and exceptional services to its clients while respecting the deadlines of each contract. At \u00c9b\u00e9nisterie G.D. Pro Inc., we believe that collaboration and advice are essential to meeting our clients&#8217; needs and establishing a relationship&hellip;","og_url":"https:\/\/gdpro.qc.ca\/en\/company\/","og_site_name":"\u00c9b\u00e9nisterie G.D. Pro inc.","article_publisher":"https:\/\/www.facebook.com\/GDPROINC","article_modified_time":"2023-04-25T15:56:34+00:00","og_image":[{"width":1200,"height":675,"url":"https:\/\/gdpro.qc.ca\/wp-content\/uploads\/2023\/04\/Facebook-GDPro-2.jpg","type":"image\/jpeg"}],"twitter_card":"summary_large_image","twitter_misc":{"Est. reading time":"3 minutes"},"schema":{"@context":"https:\/\/schema.org","@graph":[{"@type":"WebPage","@id":"https:\/\/gdpro.qc.ca\/en\/company\/","url":"https:\/\/gdpro.qc.ca\/en\/company\/","name":"Company - \u00c9b\u00e9nisterie G.D. Pro inc.","isPartOf":{"@id":"https:\/\/gdpro.qc.ca\/en\/#website"},"datePublished":"2023-04-03T17:43:10+00:00","dateModified":"2023-04-25T15:56:34+00:00","breadcrumb":{"@id":"https:\/\/gdpro.qc.ca\/en\/company\/#breadcrumb"},"inLanguage":"en-US","potentialAction":[{"@type":"ReadAction","target":["https:\/\/gdpro.qc.ca\/en\/company\/"]}]},{"@type":"BreadcrumbList","@id":"https:\/\/gdpro.qc.ca\/en\/company\/#breadcrumb","itemListElement":[{"@type":"ListItem","position":1,"name":"Accueil","item":"https:\/\/gdpro.qc.ca\/en\/"},{"@type":"ListItem","position":2,"name":"Company"}]},{"@type":"WebSite","@id":"https:\/\/gdpro.qc.ca\/en\/#website","url":"https:\/\/gdpro.qc.ca\/en\/","name":"\u00c9b\u00e9nisterie G.D. Pro inc.","description":"\u00c9b\u00e9nistes de passion avant tout","publisher":{"@id":"https:\/\/gdpro.qc.ca\/en\/#organization"},"alternateName":"G.D. Pro","potentialAction":[{"@type":"SearchAction","target":{"@type":"EntryPoint","urlTemplate":"https:\/\/gdpro.qc.ca\/en\/?s={search_term_string}"},"query-input":{"@type":"PropertyValueSpecification","valueRequired":true,"valueName":"search_term_string"}}],"inLanguage":"en-US"},{"@type":"Organization","@id":"https:\/\/gdpro.qc.ca\/en\/#organization","name":"\u00c9b\u00e9nisterie G.D. Pro inc.","url":"https:\/\/gdpro.qc.ca\/en\/","logo":{"@type":"ImageObject","inLanguage":"en-US","@id":"https:\/\/gdpro.qc.ca\/en\/#\/schema\/logo\/image\/","url":"https:\/\/gdpro.qc.ca\/wp-content\/uploads\/2023\/04\/image-de-site-gdpro.jpg","contentUrl":"https:\/\/gdpro.qc.ca\/wp-content\/uploads\/2023\/04\/image-de-site-gdpro.jpg","width":512,"height":512,"caption":"\u00c9b\u00e9nisterie G.D. Pro inc."},"image":{"@id":"https:\/\/gdpro.qc.ca\/en\/#\/schema\/logo\/image\/"},"sameAs":["https:\/\/www.facebook.com\/GDPROINC","https:\/\/www.linkedin.com\/company\/bnisterie-gd-pro-inc\/","https:\/\/www.instagram.com\/gdproinc\/"]}]}},"_links":{"self":[{"href":"https:\/\/gdpro.qc.ca\/en\/wp-json\/wp\/v2\/pages\/1432","targetHints":{"allow":["GET"]}}],"collection":[{"href":"https:\/\/gdpro.qc.ca\/en\/wp-json\/wp\/v2\/pages"}],"about":[{"href":"https:\/\/gdpro.qc.ca\/en\/wp-json\/wp\/v2\/types\/page"}],"author":[{"embeddable":true,"href":"https:\/\/gdpro.qc.ca\/en\/wp-json\/wp\/v2\/users\/1"}],"replies":[{"embeddable":true,"href":"https:\/\/gdpro.qc.ca\/en\/wp-json\/wp\/v2\/comments?post=1432"}],"version-history":[{"count":1,"href":"https:\/\/gdpro.qc.ca\/en\/wp-json\/wp\/v2\/pages\/1432\/revisions"}],"predecessor-version":[{"id":1476,"href":"https:\/\/gdpro.qc.ca\/en\/wp-json\/wp\/v2\/pages\/1432\/revisions\/1476"}],"wp:attachment":[{"href":"https:\/\/gdpro.qc.ca\/en\/wp-json\/wp\/v2\/media?parent=1432"}],"curies":[{"name":"wp","href":"https:\/\/api.w.org\/{rel}","templated":true}]}}