{"id":1425,"date":"2023-01-23T16:08:57","date_gmt":"2023-01-23T21:08:57","guid":{"rendered":"https:\/\/staging.gdpro.qc.ca\/home\/"},"modified":"2024-04-16T16:05:56","modified_gmt":"2024-04-16T20:05:56","slug":"home","status":"publish","type":"page","link":"https:\/\/gdpro.qc.ca\/en\/","title":{"rendered":"Home"},"content":{"rendered":"\n<h1>\n\t\tCabinetmaking at a higher level\n\t<\/h1>\n<h2>\n\t\tPortfolio\n\t<\/h2>\n\t\t\t<a href=\"https:\/\/gdpro.qc.ca\/en\/commercial-portfolio\/\" target=\"_self\" rel=\"noopener\">\n\t\t\t\t\t\t\tCommercial\n\t\t\t\t\t<\/a>\n\t\t\t<a href=\"https:\/\/gdpro.qc.ca\/en\/institutional-portfolio\/\" target=\"_self\" rel=\"noopener\">\n\t\t\t\t\t\t\tInstitutional\n\t\t\t\t\t<\/a>\n<h2>\n\t\tCareers\n\t<\/h2>\n<h2>\n\t\tWoodworkers<br \/>with a passion<br \/>for their craft\n\t<\/h2>\n\t<p>An infectious enthusiasm drives our new and established employees as they collaborate within our values of creativity, excellence and innovation.<\/p>\n<h6>\n\t\t<a href=\"https:\/\/gdpro.qc.ca\/en\/careers\/\" title=\"Join our team +\" target=\"_self\" rel=\"noopener\">\n\t\tJoin our team +\n\t\t<\/a>\n\t<\/h6>\n\t\t\t\t<img loading=\"lazy\" decoding=\"async\" src=\"https:\/\/gdpro.qc.ca\/wp-content\/uploads\/2023\/04\/Accueil_bas-de-page.jpg\" alt=\"Accueil_bas-de-page\" itemprop=\"image\" height=\"578\" width=\"2000\" title=\"Accueil_bas-de-page\" onerror=\"this.style.display='none'\"  \/>\n\n","protected":false},"excerpt":{"rendered":"<p>Cabinetmaking at a higher level Portfolio Commercial Institutional Careers Woodworkerswith a passionfor their craft An infectious enthusiasm drives our new and established employees as they collaborate within our values of creativity, excellence and innovation. Join our team +<\/p>\n","protected":false},"author":1,"featured_media":1486,"parent":0,"menu_order":10,"comment_status":"closed","ping_status":"closed","template":"","meta":{"footnotes":""},"class_list":["post-1425","page","type-page","status-publish","has-post-thumbnail","hentry"],"yoast_head":"<!-- This site is optimized with the Yoast SEO plugin v27.3 - https:\/\/yoast.com\/product\/yoast-seo-wordpress\/ -->\n<title>\u00c9b\u00e9nisterie G.D. Pro inc. - Cabinetmaking at a higher level<\/title>\n<meta name=\"description\" content=\"Specialists in woodworking, \u00c9b\u00e9nisterie G.D. Pro Inc. is passionately committed to providing top-quality products and exceptional services.\" \/>\n<meta name=\"robots\" content=\"index, follow, max-snippet:-1, max-image-preview:large, max-video-preview:-1\" \/>\n<link rel=\"canonical\" href=\"https:\/\/gdpro.qc.ca\/en\/\" \/>\n<meta property=\"og:locale\" content=\"en_US\" \/>\n<meta property=\"og:type\" content=\"article\" \/>\n<meta property=\"og:title\" content=\"\u00c9b\u00e9nisterie G.D. Pro inc. - Cabinetmaking at a higher level\" \/>\n<meta property=\"og:description\" content=\"Specialists in woodworking, \u00c9b\u00e9nisterie G.D. Pro Inc. is passionately committed to providing top-quality products and exceptional services.\" \/>\n<meta property=\"og:url\" content=\"https:\/\/gdpro.qc.ca\/en\/\" \/>\n<meta property=\"og:site_name\" content=\"\u00c9b\u00e9nisterie G.D. Pro inc.\" \/>\n<meta property=\"article:publisher\" content=\"https:\/\/www.facebook.com\/GDPROINC\" \/>\n<meta property=\"article:modified_time\" content=\"2024-04-16T20:05:56+00:00\" \/>\n<meta property=\"og:image\" content=\"https:\/\/gdpro.qc.ca\/wp-content\/uploads\/2023\/04\/Facebook-GDPro-2.jpg\" \/>\n\t<meta property=\"og:image:width\" content=\"1200\" \/>\n\t<meta property=\"og:image:height\" content=\"675\" \/>\n\t<meta property=\"og:image:type\" content=\"image\/jpeg\" \/>\n<meta name=\"twitter:card\" content=\"summary_large_image\" \/>\n<script type=\"application\/ld+json\" class=\"yoast-schema-graph\">{\"@context\":\"https:\\\/\\\/schema.org\",\"@graph\":[{\"@type\":\"WebPage\",\"@id\":\"https:\\\/\\\/gdpro.qc.ca\\\/en\\\/\",\"url\":\"https:\\\/\\\/gdpro.qc.ca\\\/en\\\/\",\"name\":\"\u00c9b\u00e9nisterie G.D. Pro inc. - Cabinetmaking at a higher level\",\"isPartOf\":{\"@id\":\"https:\\\/\\\/gdpro.qc.ca\\\/en\\\/#website\"},\"primaryImageOfPage\":{\"@id\":\"https:\\\/\\\/gdpro.qc.ca\\\/en\\\/#primaryimage\"},\"image\":{\"@id\":\"https:\\\/\\\/gdpro.qc.ca\\\/en\\\/#primaryimage\"},\"thumbnailUrl\":\"https:\\\/\\\/gdpro.qc.ca\\\/wp-content\\\/uploads\\\/2023\\\/04\\\/Facebook-GDPro-2.jpg\",\"datePublished\":\"2023-01-23T21:08:57+00:00\",\"dateModified\":\"2024-04-16T20:05:56+00:00\",\"description\":\"Specialists in woodworking, \u00c9b\u00e9nisterie G.D. Pro Inc. is passionately committed to providing top-quality products and exceptional services.\",\"breadcrumb\":{\"@id\":\"https:\\\/\\\/gdpro.qc.ca\\\/en\\\/#breadcrumb\"},\"inLanguage\":\"en-US\",\"potentialAction\":[{\"@type\":\"ReadAction\",\"target\":[\"https:\\\/\\\/gdpro.qc.ca\\\/en\\\/\"]}]},{\"@type\":\"ImageObject\",\"inLanguage\":\"en-US\",\"@id\":\"https:\\\/\\\/gdpro.qc.ca\\\/en\\\/#primaryimage\",\"url\":\"https:\\\/\\\/gdpro.qc.ca\\\/wp-content\\\/uploads\\\/2023\\\/04\\\/Facebook-GDPro-2.jpg\",\"contentUrl\":\"https:\\\/\\\/gdpro.qc.ca\\\/wp-content\\\/uploads\\\/2023\\\/04\\\/Facebook-GDPro-2.jpg\",\"width\":1200,\"height\":675,\"caption\":\"\u00c9binisterie G.D. Pro inc.\"},{\"@type\":\"BreadcrumbList\",\"@id\":\"https:\\\/\\\/gdpro.qc.ca\\\/en\\\/#breadcrumb\",\"itemListElement\":[{\"@type\":\"ListItem\",\"position\":1,\"name\":\"Accueil\",\"item\":\"https:\\\/\\\/gdpro.qc.ca\\\/en\\\/\"},{\"@type\":\"ListItem\",\"position\":2,\"name\":\"Home\"}]},{\"@type\":\"WebSite\",\"@id\":\"https:\\\/\\\/gdpro.qc.ca\\\/en\\\/#website\",\"url\":\"https:\\\/\\\/gdpro.qc.ca\\\/en\\\/\",\"name\":\"\u00c9b\u00e9nisterie G.D. Pro inc.\",\"description\":\"\u00c9b\u00e9nistes de passion avant tout\",\"publisher\":{\"@id\":\"https:\\\/\\\/gdpro.qc.ca\\\/en\\\/#organization\"},\"alternateName\":\"G.D. Pro\",\"potentialAction\":[{\"@type\":\"SearchAction\",\"target\":{\"@type\":\"EntryPoint\",\"urlTemplate\":\"https:\\\/\\\/gdpro.qc.ca\\\/en\\\/?s={search_term_string}\"},\"query-input\":{\"@type\":\"PropertyValueSpecification\",\"valueRequired\":true,\"valueName\":\"search_term_string\"}}],\"inLanguage\":\"en-US\"},{\"@type\":\"Organization\",\"@id\":\"https:\\\/\\\/gdpro.qc.ca\\\/en\\\/#organization\",\"name\":\"\u00c9b\u00e9nisterie G.D. Pro inc.\",\"url\":\"https:\\\/\\\/gdpro.qc.ca\\\/en\\\/\",\"logo\":{\"@type\":\"ImageObject\",\"inLanguage\":\"en-US\",\"@id\":\"https:\\\/\\\/gdpro.qc.ca\\\/en\\\/#\\\/schema\\\/logo\\\/image\\\/\",\"url\":\"https:\\\/\\\/gdpro.qc.ca\\\/wp-content\\\/uploads\\\/2023\\\/04\\\/image-de-site-gdpro.jpg\",\"contentUrl\":\"https:\\\/\\\/gdpro.qc.ca\\\/wp-content\\\/uploads\\\/2023\\\/04\\\/image-de-site-gdpro.jpg\",\"width\":512,\"height\":512,\"caption\":\"\u00c9b\u00e9nisterie G.D. Pro inc.\"},\"image\":{\"@id\":\"https:\\\/\\\/gdpro.qc.ca\\\/en\\\/#\\\/schema\\\/logo\\\/image\\\/\"},\"sameAs\":[\"https:\\\/\\\/www.facebook.com\\\/GDPROINC\",\"https:\\\/\\\/www.linkedin.com\\\/company\\\/bnisterie-gd-pro-inc\\\/\",\"https:\\\/\\\/www.instagram.com\\\/gdproinc\\\/\"]}]}<\/script>\n<!-- \/ Yoast SEO plugin. -->","yoast_head_json":{"title":"\u00c9b\u00e9nisterie G.D. Pro inc. - Cabinetmaking at a higher level","description":"Specialists in woodworking, \u00c9b\u00e9nisterie G.D. Pro Inc. is passionately committed to providing top-quality products and exceptional services.","robots":{"index":"index","follow":"follow","max-snippet":"max-snippet:-1","max-image-preview":"max-image-preview:large","max-video-preview":"max-video-preview:-1"},"canonical":"https:\/\/gdpro.qc.ca\/en\/","og_locale":"en_US","og_type":"article","og_title":"\u00c9b\u00e9nisterie G.D. Pro inc. - Cabinetmaking at a higher level","og_description":"Specialists in woodworking, \u00c9b\u00e9nisterie G.D. Pro Inc. is passionately committed to providing top-quality products and exceptional services.","og_url":"https:\/\/gdpro.qc.ca\/en\/","og_site_name":"\u00c9b\u00e9nisterie G.D. Pro inc.","article_publisher":"https:\/\/www.facebook.com\/GDPROINC","article_modified_time":"2024-04-16T20:05:56+00:00","og_image":[{"width":1200,"height":675,"url":"https:\/\/gdpro.qc.ca\/wp-content\/uploads\/2023\/04\/Facebook-GDPro-2.jpg","type":"image\/jpeg"}],"twitter_card":"summary_large_image","schema":{"@context":"https:\/\/schema.org","@graph":[{"@type":"WebPage","@id":"https:\/\/gdpro.qc.ca\/en\/","url":"https:\/\/gdpro.qc.ca\/en\/","name":"\u00c9b\u00e9nisterie G.D. Pro inc. - Cabinetmaking at a higher level","isPartOf":{"@id":"https:\/\/gdpro.qc.ca\/en\/#website"},"primaryImageOfPage":{"@id":"https:\/\/gdpro.qc.ca\/en\/#primaryimage"},"image":{"@id":"https:\/\/gdpro.qc.ca\/en\/#primaryimage"},"thumbnailUrl":"https:\/\/gdpro.qc.ca\/wp-content\/uploads\/2023\/04\/Facebook-GDPro-2.jpg","datePublished":"2023-01-23T21:08:57+00:00","dateModified":"2024-04-16T20:05:56+00:00","description":"Specialists in woodworking, \u00c9b\u00e9nisterie G.D. Pro Inc. is passionately committed to providing top-quality products and exceptional services.","breadcrumb":{"@id":"https:\/\/gdpro.qc.ca\/en\/#breadcrumb"},"inLanguage":"en-US","potentialAction":[{"@type":"ReadAction","target":["https:\/\/gdpro.qc.ca\/en\/"]}]},{"@type":"ImageObject","inLanguage":"en-US","@id":"https:\/\/gdpro.qc.ca\/en\/#primaryimage","url":"https:\/\/gdpro.qc.ca\/wp-content\/uploads\/2023\/04\/Facebook-GDPro-2.jpg","contentUrl":"https:\/\/gdpro.qc.ca\/wp-content\/uploads\/2023\/04\/Facebook-GDPro-2.jpg","width":1200,"height":675,"caption":"\u00c9binisterie G.D. Pro inc."},{"@type":"BreadcrumbList","@id":"https:\/\/gdpro.qc.ca\/en\/#breadcrumb","itemListElement":[{"@type":"ListItem","position":1,"name":"Accueil","item":"https:\/\/gdpro.qc.ca\/en\/"},{"@type":"ListItem","position":2,"name":"Home"}]},{"@type":"WebSite","@id":"https:\/\/gdpro.qc.ca\/en\/#website","url":"https:\/\/gdpro.qc.ca\/en\/","name":"\u00c9b\u00e9nisterie G.D. Pro inc.","description":"\u00c9b\u00e9nistes de passion avant tout","publisher":{"@id":"https:\/\/gdpro.qc.ca\/en\/#organization"},"alternateName":"G.D. Pro","potentialAction":[{"@type":"SearchAction","target":{"@type":"EntryPoint","urlTemplate":"https:\/\/gdpro.qc.ca\/en\/?s={search_term_string}"},"query-input":{"@type":"PropertyValueSpecification","valueRequired":true,"valueName":"search_term_string"}}],"inLanguage":"en-US"},{"@type":"Organization","@id":"https:\/\/gdpro.qc.ca\/en\/#organization","name":"\u00c9b\u00e9nisterie G.D. Pro inc.","url":"https:\/\/gdpro.qc.ca\/en\/","logo":{"@type":"ImageObject","inLanguage":"en-US","@id":"https:\/\/gdpro.qc.ca\/en\/#\/schema\/logo\/image\/","url":"https:\/\/gdpro.qc.ca\/wp-content\/uploads\/2023\/04\/image-de-site-gdpro.jpg","contentUrl":"https:\/\/gdpro.qc.ca\/wp-content\/uploads\/2023\/04\/image-de-site-gdpro.jpg","width":512,"height":512,"caption":"\u00c9b\u00e9nisterie G.D. Pro inc."},"image":{"@id":"https:\/\/gdpro.qc.ca\/en\/#\/schema\/logo\/image\/"},"sameAs":["https:\/\/www.facebook.com\/GDPROINC","https:\/\/www.linkedin.com\/company\/bnisterie-gd-pro-inc\/","https:\/\/www.instagram.com\/gdproinc\/"]}]}},"_links":{"self":[{"href":"https:\/\/gdpro.qc.ca\/en\/wp-json\/wp\/v2\/pages\/1425","targetHints":{"allow":["GET"]}}],"collection":[{"href":"https:\/\/gdpro.qc.ca\/en\/wp-json\/wp\/v2\/pages"}],"about":[{"href":"https:\/\/gdpro.qc.ca\/en\/wp-json\/wp\/v2\/types\/page"}],"author":[{"embeddable":true,"href":"https:\/\/gdpro.qc.ca\/en\/wp-json\/wp\/v2\/users\/1"}],"replies":[{"embeddable":true,"href":"https:\/\/gdpro.qc.ca\/en\/wp-json\/wp\/v2\/comments?post=1425"}],"version-history":[{"count":5,"href":"https:\/\/gdpro.qc.ca\/en\/wp-json\/wp\/v2\/pages\/1425\/revisions"}],"predecessor-version":[{"id":1513,"href":"https:\/\/gdpro.qc.ca\/en\/wp-json\/wp\/v2\/pages\/1425\/revisions\/1513"}],"wp:featuredmedia":[{"embeddable":true,"href":"https:\/\/gdpro.qc.ca\/en\/wp-json\/wp\/v2\/media\/1486"}],"wp:attachment":[{"href":"https:\/\/gdpro.qc.ca\/en\/wp-json\/wp\/v2\/media?parent=1425"}],"curies":[{"name":"wp","href":"https:\/\/api.w.org\/{rel}","templated":true}]}}